{"id":955,"date":"2025-04-16T22:21:33","date_gmt":"2025-04-16T20:21:33","guid":{"rendered":"https:\/\/www.narodnyfutbalovystadion.sk\/parking-and-transport\/"},"modified":"2025-06-02T07:15:10","modified_gmt":"2025-06-02T05:15:10","slug":"parking-and-transport","status":"publish","type":"page","link":"https:\/\/www.narodnyfutbalovystadion.sk\/en\/parking-and-transport\/","title":{"rendered":"Parking and transport"},"content":{"rendered":"<div class=\"stadion-map parking\">\n  <div class=\"container\">\n    <div class=\"stadion-map--btns\">\n      <a href=\"#\" class=\"stadion-map--btn button football active\" data-type=\"football\">\n        football match      <\/a>\n      <a href=\"#\" class=\"stadion-map--btn button conference\" data-type=\"conference\">\n        Conference      <\/a>\n      <a href=\"#\" class=\"stadion-map--btn button tower\" data-type=\"tower\">\n        budova tower 5      <\/a>\n      <a href=\"#\" class=\"stadion-map--btn button office\" data-type=\"office\">\n        OC TEHELKO \/ BYTY      <\/a>\n    <\/div>\n    <ul class=\"underlying-menu active\">\n      <li class=\"vip active\" data-type=\"vip\">\n        VIP      <\/li>\n      <li class=\"mhd\" data-type=\"mhd\">\n        MHD      <\/li>\n      <li class=\"parking\" data-type=\"parking\">\n        Parking      <\/li>\n    <\/ul>\n    <div class=\"stadion-map--map\">\n      <div class=\"tower\">\n        <div class=\"route\">\n          <object type=\"image\/svg+xml\" data=\"https:\/\/www.narodnyfutbalovystadion.sk\/wp-content\/themes\/nfs\/img\/kalinciakova.svg\"><\/object>\n          <div class=\"popup-info\">\n            <span class=\"small\">Entrance to the garage<\/span>\n            <span class=\"big\">Kalin\u010diakova<\/span>\n            <a href=\"#kalinciakova\" class=\"button modal-trigger\">\n              More info            <\/a>\n          <\/div>\n        <\/div>\n      <\/div>\n      <div class=\"parking\">\n        <div class=\"route\">\n          <object type=\"image\/svg+xml\" data=\"https:\/\/www.narodnyfutbalovystadion.sk\/wp-content\/themes\/nfs\/img\/parking.svg\"><\/object>\n          <div class=\"popup-info\">\n            <span class=\"small\">Entrance to the garage<\/span>\n            <span class=\"big\">Bajkalsk\u00e1<\/span>\n            <a href=\"#bajkalska\" class=\"button modal-trigger\">\n              More info            <\/a>\n          <\/div>\n        <\/div>\n      <\/div>\n      <div class=\"vip active\">\n        <div class=\"route\">\n          <object type=\"image\/svg+xml\" data=\"https:\/\/www.narodnyfutbalovystadion.sk\/wp-content\/themes\/nfs\/img\/vip.svg\"><\/object>\n          <div class=\"popup-info\">\n            <span class=\"small\">Entrance to the garage<\/span>\n            <span class=\"big\">Viktora T\u011bgelhoffa<\/span>\n            <a href=\"#tegelhoffa\" class=\"button modal-trigger\">\n              More info            <\/a>\n          <\/div>\n        <\/div>\n      <\/div>\n      <div class=\"mhd\">\n        <div class=\"point nova-doba\">\n          <span class=\"info\">\n            <span class=\"title\">\n              Zast\u00e1vka nov\u00e1 doba            <\/span>\n            <span class=\"description\">\n              350m            <\/span>\n          <\/span>\n        <\/div>\n        <div class=\"point bajkalska\">\n          <span class=\"info\">\n            <span class=\"title\">\n              MHD Bajkalsk\u00e1            <\/span>\n            <span class=\"description\">\n              500m            <\/span>\n          <\/span>\n        <\/div>\n        <div class=\"point zimny-stadion\">\n          <span class=\"info\">\n            <span class=\"title\">\n              MHD Zimn\u00fd \u0161tadi\u00f3n            <\/span>\n            <span class=\"description\">\n              750m            <\/span>\n          <\/span>\n        <\/div>\n        <div class=\"point slovnaft\">\n          <span class=\"info\">\n            <span class=\"title\">\n              Nov\u00e1 Doba &#8211; Slovnaft            <\/span>\n            <span class=\"description\">\n              450m            <\/span>\n          <\/span>\n        <\/div>\n        <div class=\"point tri-veze\">\n          <span class=\"info\">\n            <span class=\"title\">\n              Bajkalsk\u00e1 &#8211; Tri ve\u017ee            <\/span>\n            <span class=\"description\">\n              250m            <\/span>\n          <\/span>\n        <\/div>\n        <div class=\"point trnavske-myto\">\n          <span class=\"info\">\n            <span class=\"title\">\n              MHD Trnavsk\u00e9 m\u00fdto            <\/span>\n            <span class=\"description\">\n              1400m            <\/span>\n          <\/span>\n        <\/div>\n        \n      <\/div>\n      <img decoding=\"async\" src=\"https:\/\/enzyqq7jbry.exactdn.com\/wp-content\/themes\/nfs\/img\/mapa-doprava.jpg?strip=all&lossy=1&w=1920&ssl=1\" alt=\"mapa stadionu\">      \n    <\/div>\n  <\/div>\n<\/div>\n\n\n\n<div class=\"stadion-map--modal modal-wrapper\" style=\"display: none;\">\n  <div class=\"stadion-map--modal__content modal-wrapper__box\">\n    <div class=\"stadion-map--modal__close modal-wrapper__box__close\">\n      <span class=\"stadion-map--modal__close-icon\"><\/span>\n    <\/div>\n                  <div class=\"stadion-map--modal__content kalinciakova\" style=\"display: none;\">\n          <p>The entrance from Kalin\u010diakova Street is intended preferably for the TOWER 5 building.<\/p>\n        <\/div>\n              <div class=\"stadion-map--modal__content tegelhoffa\" style=\"display: none;\">\n          <p>The underground garage for VIP parking is open 1.5 hours before the start of the football match and 1.5 hours after the end of the match. Entry to the underground garage <strong>is valid only with a valid online parking ticket using a QR code.<\/strong><\/p>\n<p>For access to the VIP underground garage during conferences, please follow the organiser&#8217;s instructions.<\/p>\n        <\/div>\n              <div class=\"stadion-map--modal__content bajkalska\" style=\"display: none;\">\n          <p><span class=\"tehelko-desktop-web-text177\"><strong>For all fans of convenient shopping, the first two hours of parking are free<\/strong><br \/>\n<\/span><\/p>\n<p>Extension of regular parking time costs 2 euros per hour, all day 20 euros<\/p>\n<div class=\"uncoltable\">\n<div class=\"uncell no-block-padding\">\n<div class=\"uncont\">\n<div class=\"uncode_text_column\">\n<p><strong>Please note: Losing a parking ticket is a foul, which carries a fine of \u20ac70.<\/strong><br \/>\n<strong>If this happens to you, please contact the SBS officer on duty by communicator<\/strong><\/p>\n<\/div>\n<p>The entrance from Bajkalsk\u00e1 Street is also valid for OC Tehelko and flats.<\/p>\n<\/div>\n<\/div>\n<\/div>\n        <\/div>\n            <\/div>\n<\/div>","protected":false},"excerpt":{"rendered":"","protected":false},"author":1,"featured_media":0,"parent":0,"menu_order":0,"comment_status":"closed","ping_status":"closed","template":"","meta":{"_acf_changed":false,"footnotes":""},"class_list":["post-955","page","type-page","status-publish","hentry"],"acf":[],"yoast_head":"<!-- This site is optimized with the Yoast SEO plugin v26.2 - https:\/\/yoast.com\/wordpress\/plugins\/seo\/ -->\n<title>Parking and transport - N\u00e1rodn\u00fd futbalov\u00fd \u0161tadi\u00f3n<\/title>\n<meta name=\"robots\" content=\"index, follow, max-snippet:-1, max-image-preview:large, max-video-preview:-1\" \/>\n<link rel=\"canonical\" href=\"https:\/\/www.narodnyfutbalovystadion.sk\/en\/parking-and-transport\/\" \/>\n<meta property=\"og:locale\" content=\"en_US\" \/>\n<meta property=\"og:type\" content=\"article\" \/>\n<meta property=\"og:title\" content=\"Parking and transport - N\u00e1rodn\u00fd futbalov\u00fd \u0161tadi\u00f3n\" \/>\n<meta property=\"og:url\" content=\"https:\/\/www.narodnyfutbalovystadion.sk\/en\/parking-and-transport\/\" \/>\n<meta property=\"og:site_name\" content=\"N\u00e1rodn\u00fd futbalov\u00fd \u0161tadi\u00f3n\" \/>\n<meta property=\"article:modified_time\" content=\"2025-06-02T05:15:10+00:00\" \/>\n<meta name=\"twitter:card\" content=\"summary_large_image\" \/>\n<script type=\"application\/ld+json\" class=\"yoast-schema-graph\">{\"@context\":\"https:\/\/schema.org\",\"@graph\":[{\"@type\":\"WebPage\",\"@id\":\"https:\/\/www.narodnyfutbalovystadion.sk\/en\/parking-and-transport\/\",\"url\":\"https:\/\/www.narodnyfutbalovystadion.sk\/en\/parking-and-transport\/\",\"name\":\"Parking and transport - N\u00e1rodn\u00fd futbalov\u00fd \u0161tadi\u00f3n\",\"isPartOf\":{\"@id\":\"https:\/\/www.narodnyfutbalovystadion.sk\/#website\"},\"datePublished\":\"2025-04-16T20:21:33+00:00\",\"dateModified\":\"2025-06-02T05:15:10+00:00\",\"breadcrumb\":{\"@id\":\"https:\/\/www.narodnyfutbalovystadion.sk\/en\/parking-and-transport\/#breadcrumb\"},\"inLanguage\":\"en-US\",\"potentialAction\":[{\"@type\":\"ReadAction\",\"target\":[\"https:\/\/www.narodnyfutbalovystadion.sk\/en\/parking-and-transport\/\"]}]},{\"@type\":\"BreadcrumbList\",\"@id\":\"https:\/\/www.narodnyfutbalovystadion.sk\/en\/parking-and-transport\/#breadcrumb\",\"itemListElement\":[{\"@type\":\"ListItem\",\"position\":1,\"name\":\"Domovsk\u00e1 str\u00e1nka\",\"item\":\"https:\/\/www.narodnyfutbalovystadion.sk\/en\/\"},{\"@type\":\"ListItem\",\"position\":2,\"name\":\"Parking and transport\"}]},{\"@type\":\"WebSite\",\"@id\":\"https:\/\/www.narodnyfutbalovystadion.sk\/#website\",\"url\":\"https:\/\/www.narodnyfutbalovystadion.sk\/\",\"name\":\"N\u00e1rodn\u00fd futbalov\u00fd \u0161tadi\u00f3n\",\"description\":\"\",\"publisher\":{\"@id\":\"https:\/\/www.narodnyfutbalovystadion.sk\/#organization\"},\"potentialAction\":[{\"@type\":\"SearchAction\",\"target\":{\"@type\":\"EntryPoint\",\"urlTemplate\":\"https:\/\/www.narodnyfutbalovystadion.sk\/?s={search_term_string}\"},\"query-input\":{\"@type\":\"PropertyValueSpecification\",\"valueRequired\":true,\"valueName\":\"search_term_string\"}}],\"inLanguage\":\"en-US\"},{\"@type\":\"Organization\",\"@id\":\"https:\/\/www.narodnyfutbalovystadion.sk\/#organization\",\"name\":\"N\u00e1rodn\u00fd futbalov\u00fd \u0161tadi\u00f3n\",\"url\":\"https:\/\/www.narodnyfutbalovystadion.sk\/\",\"logo\":{\"@type\":\"ImageObject\",\"inLanguage\":\"en-US\",\"@id\":\"https:\/\/www.narodnyfutbalovystadion.sk\/#\/schema\/logo\/image\/\",\"url\":\"https:\/\/www.narodnyfutbalovystadion.sk\/wp-content\/uploads\/2025\/04\/nfs.svg\",\"contentUrl\":\"https:\/\/www.narodnyfutbalovystadion.sk\/wp-content\/uploads\/2025\/04\/nfs.svg\",\"width\":1,\"height\":1,\"caption\":\"N\u00e1rodn\u00fd futbalov\u00fd \u0161tadi\u00f3n\"},\"image\":{\"@id\":\"https:\/\/www.narodnyfutbalovystadion.sk\/#\/schema\/logo\/image\/\"}}]}<\/script>\n<!-- \/ Yoast SEO plugin. -->","yoast_head_json":{"title":"Parking and transport - N\u00e1rodn\u00fd futbalov\u00fd \u0161tadi\u00f3n","robots":{"index":"index","follow":"follow","max-snippet":"max-snippet:-1","max-image-preview":"max-image-preview:large","max-video-preview":"max-video-preview:-1"},"canonical":"https:\/\/www.narodnyfutbalovystadion.sk\/en\/parking-and-transport\/","og_locale":"en_US","og_type":"article","og_title":"Parking and transport - N\u00e1rodn\u00fd futbalov\u00fd \u0161tadi\u00f3n","og_url":"https:\/\/www.narodnyfutbalovystadion.sk\/en\/parking-and-transport\/","og_site_name":"N\u00e1rodn\u00fd futbalov\u00fd \u0161tadi\u00f3n","article_modified_time":"2025-06-02T05:15:10+00:00","twitter_card":"summary_large_image","schema":{"@context":"https:\/\/schema.org","@graph":[{"@type":"WebPage","@id":"https:\/\/www.narodnyfutbalovystadion.sk\/en\/parking-and-transport\/","url":"https:\/\/www.narodnyfutbalovystadion.sk\/en\/parking-and-transport\/","name":"Parking and transport - N\u00e1rodn\u00fd futbalov\u00fd \u0161tadi\u00f3n","isPartOf":{"@id":"https:\/\/www.narodnyfutbalovystadion.sk\/#website"},"datePublished":"2025-04-16T20:21:33+00:00","dateModified":"2025-06-02T05:15:10+00:00","breadcrumb":{"@id":"https:\/\/www.narodnyfutbalovystadion.sk\/en\/parking-and-transport\/#breadcrumb"},"inLanguage":"en-US","potentialAction":[{"@type":"ReadAction","target":["https:\/\/www.narodnyfutbalovystadion.sk\/en\/parking-and-transport\/"]}]},{"@type":"BreadcrumbList","@id":"https:\/\/www.narodnyfutbalovystadion.sk\/en\/parking-and-transport\/#breadcrumb","itemListElement":[{"@type":"ListItem","position":1,"name":"Domovsk\u00e1 str\u00e1nka","item":"https:\/\/www.narodnyfutbalovystadion.sk\/en\/"},{"@type":"ListItem","position":2,"name":"Parking and transport"}]},{"@type":"WebSite","@id":"https:\/\/www.narodnyfutbalovystadion.sk\/#website","url":"https:\/\/www.narodnyfutbalovystadion.sk\/","name":"N\u00e1rodn\u00fd futbalov\u00fd \u0161tadi\u00f3n","description":"","publisher":{"@id":"https:\/\/www.narodnyfutbalovystadion.sk\/#organization"},"potentialAction":[{"@type":"SearchAction","target":{"@type":"EntryPoint","urlTemplate":"https:\/\/www.narodnyfutbalovystadion.sk\/?s={search_term_string}"},"query-input":{"@type":"PropertyValueSpecification","valueRequired":true,"valueName":"search_term_string"}}],"inLanguage":"en-US"},{"@type":"Organization","@id":"https:\/\/www.narodnyfutbalovystadion.sk\/#organization","name":"N\u00e1rodn\u00fd futbalov\u00fd \u0161tadi\u00f3n","url":"https:\/\/www.narodnyfutbalovystadion.sk\/","logo":{"@type":"ImageObject","inLanguage":"en-US","@id":"https:\/\/www.narodnyfutbalovystadion.sk\/#\/schema\/logo\/image\/","url":"https:\/\/www.narodnyfutbalovystadion.sk\/wp-content\/uploads\/2025\/04\/nfs.svg","contentUrl":"https:\/\/www.narodnyfutbalovystadion.sk\/wp-content\/uploads\/2025\/04\/nfs.svg","width":1,"height":1,"caption":"N\u00e1rodn\u00fd futbalov\u00fd \u0161tadi\u00f3n"},"image":{"@id":"https:\/\/www.narodnyfutbalovystadion.sk\/#\/schema\/logo\/image\/"}}]}},"_links":{"self":[{"href":"https:\/\/www.narodnyfutbalovystadion.sk\/en\/wp-json\/wp\/v2\/pages\/955","targetHints":{"allow":["GET"]}}],"collection":[{"href":"https:\/\/www.narodnyfutbalovystadion.sk\/en\/wp-json\/wp\/v2\/pages"}],"about":[{"href":"https:\/\/www.narodnyfutbalovystadion.sk\/en\/wp-json\/wp\/v2\/types\/page"}],"author":[{"embeddable":true,"href":"https:\/\/www.narodnyfutbalovystadion.sk\/en\/wp-json\/wp\/v2\/users\/1"}],"replies":[{"embeddable":true,"href":"https:\/\/www.narodnyfutbalovystadion.sk\/en\/wp-json\/wp\/v2\/comments?post=955"}],"version-history":[{"count":2,"href":"https:\/\/www.narodnyfutbalovystadion.sk\/en\/wp-json\/wp\/v2\/pages\/955\/revisions"}],"predecessor-version":[{"id":1024,"href":"https:\/\/www.narodnyfutbalovystadion.sk\/en\/wp-json\/wp\/v2\/pages\/955\/revisions\/1024"}],"wp:attachment":[{"href":"https:\/\/www.narodnyfutbalovystadion.sk\/en\/wp-json\/wp\/v2\/media?parent=955"}],"curies":[{"name":"wp","href":"https:\/\/api.w.org\/{rel}","templated":true}]}}