{"id":939,"date":"2025-05-08T10:52:59","date_gmt":"2025-05-08T08:52:59","guid":{"rendered":"https:\/\/www.narodnyfutbalovystadion.sk\/fanshop\/"},"modified":"2025-06-02T07:12:42","modified_gmt":"2025-06-02T05:12:42","slug":"fanshop","status":"publish","type":"page","link":"https:\/\/www.narodnyfutbalovystadion.sk\/en\/fanshop\/","title":{"rendered":"Fanshop"},"content":{"rendered":"<div class=\"stadion-map\">\n  <div class=\"container\">\n        <div class=\"stadion-map--btns\">\n              <a href=\"#vstupenka\" class=\"stadion-map--btn button\">\n          Buy a ticket        <\/a>\n              <a href=\"#pomoc\" class=\"stadion-map--btn button\">\n          I need help        <\/a>\n          <\/div>\n            <div class=\"stadion-map--map\">\n      <img decoding=\"async\" src=\"https:\/\/enzyqq7jbry.exactdn.com\/wp-content\/themes\/nfs\/img\/mapa.jpg?strip=all&lossy=1&w=1920&ssl=1\" alt=\"mapa stadionu\">                 \n              <a href=\"#fanshop\" class=\"points fanshp modal-trigger\">\n          <p>\n            Official fanshop            <strong>\u0160K Slovan bratislava<\/strong>\n            <span class=\"button\">\n              More info            <\/span>\n          <\/p>\n        <\/a>\n            <a href=\"#office\" class=\"points office modal-trigger\" style=\"display: none;\">\n        <p>\n          Treasury for          <strong>Tickets<\/strong>\n          <span class=\"button\">\n            More info          <\/span>\n        <\/p>\n      <\/a>\n    <\/div>\n  <\/div>\n<\/div>\n\n<div class=\"stadion-map--modal modal-wrapper\" style=\"display: none;\">\n  <div class=\"stadion-map--modal__content modal-wrapper__box\">\n    <div class=\"stadion-map--modal__close modal-wrapper__box__close\">\n      <span class=\"stadion-map--modal__close-icon\"><\/span>\n    <\/div>\n                  <div class=\"stadion-map--modal__content office\" style=\"display: none;\">\n          <p>I need help<\/p>\n        <\/div>\n              <div class=\"stadion-map--modal__content fanshop\" style=\"display: none;\">\n          <p>Watch the opening hours of the fanshop on the official website skslovan.com<\/p>\n        <\/div>\n            <\/div>\n<\/div><div class=\"container\">\n  <div class=\"fanshop\">\n    <h2 class=\"fanshop__title\">Fanshop<\/h2>\n    <div class=\"fanshop__content\">\n      <a href=\"#\" class=\"fanshop__content__item\">\n        <div class=\"fanshop__content__item__image\">\n          <img decoding=\"async\" src=\"https:\/\/skslovan-fanshop.b-cdn.net\/image\/catalog\/bannery\/muzi-banner-v2.jpg\" alt=\"Fanshop\">\n        <\/div>\n        <div class=\"fanshop__content__item__title\">\n          <h3>Mu\u017ei<\/h3>\n          <span class=\"btn-blue\">Shop<\/span>\n        <\/div>\n      <\/a>\n      <a href=\"#\" class=\"fanshop__content__item\">\n        <div class=\"fanshop__content__item__image\">\n          <img decoding=\"async\" src=\"https:\/\/skslovan-fanshop.b-cdn.net\/image\/catalog\/bannery\/zeny-banner.jpg.jpg\" alt=\"Fanshop\">\n        <\/div>\n        <div class=\"fanshop__content__item__title\">\n          <h3>\u017deny<\/h3>\n          <span class=\"btn-blue\">Shop<\/span>\n        <\/div>\n      <\/a>\n      <a href=\"#\" class=\"fanshop__content__item\">\n        <div class=\"fanshop__content__item__image\">\n          <img decoding=\"async\" src=\"https:\/\/skslovan-fanshop.b-cdn.net\/image\/catalog\/bannery\/suveniry-banner.jpg\" alt=\"Fanshop\">\n        <\/div>\n        <div class=\"fanshop__content__item__title\">\n          <h3>Doplnky<\/h3>\n          <span class=\"btn-blue\">Shop<\/span>\n        <\/div>\n      <\/a>\n    <\/div>\n  <\/div>\n<\/div>","protected":false},"excerpt":{"rendered":"","protected":false},"author":1,"featured_media":0,"parent":0,"menu_order":0,"comment_status":"closed","ping_status":"closed","template":"","meta":{"_acf_changed":false,"footnotes":""},"class_list":["post-939","page","type-page","status-publish","hentry"],"acf":[],"yoast_head":"<!-- This site is optimized with the Yoast SEO plugin v26.2 - https:\/\/yoast.com\/wordpress\/plugins\/seo\/ -->\n<title>Fanshop - N\u00e1rodn\u00fd futbalov\u00fd \u0161tadi\u00f3n<\/title>\n<meta name=\"robots\" content=\"index, follow, max-snippet:-1, max-image-preview:large, max-video-preview:-1\" \/>\n<link rel=\"canonical\" href=\"https:\/\/www.narodnyfutbalovystadion.sk\/fanshop\/\" \/>\n<meta property=\"og:locale\" content=\"en_US\" \/>\n<meta property=\"og:type\" content=\"article\" \/>\n<meta property=\"og:title\" content=\"Fanshop - N\u00e1rodn\u00fd futbalov\u00fd \u0161tadi\u00f3n\" \/>\n<meta property=\"og:url\" content=\"https:\/\/www.narodnyfutbalovystadion.sk\/fanshop\/\" \/>\n<meta property=\"og:site_name\" content=\"N\u00e1rodn\u00fd futbalov\u00fd \u0161tadi\u00f3n\" \/>\n<meta property=\"article:modified_time\" content=\"2025-06-02T05:12:42+00:00\" \/>\n<meta name=\"twitter:card\" content=\"summary_large_image\" \/>\n<script type=\"application\/ld+json\" class=\"yoast-schema-graph\">{\"@context\":\"https:\/\/schema.org\",\"@graph\":[{\"@type\":\"WebPage\",\"@id\":\"https:\/\/www.narodnyfutbalovystadion.sk\/fanshop\/\",\"url\":\"https:\/\/www.narodnyfutbalovystadion.sk\/fanshop\/\",\"name\":\"Fanshop - N\u00e1rodn\u00fd futbalov\u00fd \u0161tadi\u00f3n\",\"isPartOf\":{\"@id\":\"https:\/\/www.narodnyfutbalovystadion.sk\/#website\"},\"datePublished\":\"2025-05-08T08:52:59+00:00\",\"dateModified\":\"2025-06-02T05:12:42+00:00\",\"breadcrumb\":{\"@id\":\"https:\/\/www.narodnyfutbalovystadion.sk\/fanshop\/#breadcrumb\"},\"inLanguage\":\"en-US\",\"potentialAction\":[{\"@type\":\"ReadAction\",\"target\":[\"https:\/\/www.narodnyfutbalovystadion.sk\/fanshop\/\"]}]},{\"@type\":\"BreadcrumbList\",\"@id\":\"https:\/\/www.narodnyfutbalovystadion.sk\/fanshop\/#breadcrumb\",\"itemListElement\":[{\"@type\":\"ListItem\",\"position\":1,\"name\":\"Domovsk\u00e1 str\u00e1nka\",\"item\":\"https:\/\/www.narodnyfutbalovystadion.sk\/en\/\"},{\"@type\":\"ListItem\",\"position\":2,\"name\":\"Fanshop\"}]},{\"@type\":\"WebSite\",\"@id\":\"https:\/\/www.narodnyfutbalovystadion.sk\/#website\",\"url\":\"https:\/\/www.narodnyfutbalovystadion.sk\/\",\"name\":\"N\u00e1rodn\u00fd futbalov\u00fd \u0161tadi\u00f3n\",\"description\":\"\",\"publisher\":{\"@id\":\"https:\/\/www.narodnyfutbalovystadion.sk\/#organization\"},\"potentialAction\":[{\"@type\":\"SearchAction\",\"target\":{\"@type\":\"EntryPoint\",\"urlTemplate\":\"https:\/\/www.narodnyfutbalovystadion.sk\/?s={search_term_string}\"},\"query-input\":{\"@type\":\"PropertyValueSpecification\",\"valueRequired\":true,\"valueName\":\"search_term_string\"}}],\"inLanguage\":\"en-US\"},{\"@type\":\"Organization\",\"@id\":\"https:\/\/www.narodnyfutbalovystadion.sk\/#organization\",\"name\":\"N\u00e1rodn\u00fd futbalov\u00fd \u0161tadi\u00f3n\",\"url\":\"https:\/\/www.narodnyfutbalovystadion.sk\/\",\"logo\":{\"@type\":\"ImageObject\",\"inLanguage\":\"en-US\",\"@id\":\"https:\/\/www.narodnyfutbalovystadion.sk\/#\/schema\/logo\/image\/\",\"url\":\"https:\/\/www.narodnyfutbalovystadion.sk\/wp-content\/uploads\/2025\/04\/nfs.svg\",\"contentUrl\":\"https:\/\/www.narodnyfutbalovystadion.sk\/wp-content\/uploads\/2025\/04\/nfs.svg\",\"width\":1,\"height\":1,\"caption\":\"N\u00e1rodn\u00fd futbalov\u00fd \u0161tadi\u00f3n\"},\"image\":{\"@id\":\"https:\/\/www.narodnyfutbalovystadion.sk\/#\/schema\/logo\/image\/\"}}]}<\/script>\n<!-- \/ Yoast SEO plugin. -->","yoast_head_json":{"title":"Fanshop - N\u00e1rodn\u00fd futbalov\u00fd \u0161tadi\u00f3n","robots":{"index":"index","follow":"follow","max-snippet":"max-snippet:-1","max-image-preview":"max-image-preview:large","max-video-preview":"max-video-preview:-1"},"canonical":"https:\/\/www.narodnyfutbalovystadion.sk\/fanshop\/","og_locale":"en_US","og_type":"article","og_title":"Fanshop - N\u00e1rodn\u00fd futbalov\u00fd \u0161tadi\u00f3n","og_url":"https:\/\/www.narodnyfutbalovystadion.sk\/fanshop\/","og_site_name":"N\u00e1rodn\u00fd futbalov\u00fd \u0161tadi\u00f3n","article_modified_time":"2025-06-02T05:12:42+00:00","twitter_card":"summary_large_image","schema":{"@context":"https:\/\/schema.org","@graph":[{"@type":"WebPage","@id":"https:\/\/www.narodnyfutbalovystadion.sk\/fanshop\/","url":"https:\/\/www.narodnyfutbalovystadion.sk\/fanshop\/","name":"Fanshop - N\u00e1rodn\u00fd futbalov\u00fd \u0161tadi\u00f3n","isPartOf":{"@id":"https:\/\/www.narodnyfutbalovystadion.sk\/#website"},"datePublished":"2025-05-08T08:52:59+00:00","dateModified":"2025-06-02T05:12:42+00:00","breadcrumb":{"@id":"https:\/\/www.narodnyfutbalovystadion.sk\/fanshop\/#breadcrumb"},"inLanguage":"en-US","potentialAction":[{"@type":"ReadAction","target":["https:\/\/www.narodnyfutbalovystadion.sk\/fanshop\/"]}]},{"@type":"BreadcrumbList","@id":"https:\/\/www.narodnyfutbalovystadion.sk\/fanshop\/#breadcrumb","itemListElement":[{"@type":"ListItem","position":1,"name":"Domovsk\u00e1 str\u00e1nka","item":"https:\/\/www.narodnyfutbalovystadion.sk\/en\/"},{"@type":"ListItem","position":2,"name":"Fanshop"}]},{"@type":"WebSite","@id":"https:\/\/www.narodnyfutbalovystadion.sk\/#website","url":"https:\/\/www.narodnyfutbalovystadion.sk\/","name":"N\u00e1rodn\u00fd futbalov\u00fd \u0161tadi\u00f3n","description":"","publisher":{"@id":"https:\/\/www.narodnyfutbalovystadion.sk\/#organization"},"potentialAction":[{"@type":"SearchAction","target":{"@type":"EntryPoint","urlTemplate":"https:\/\/www.narodnyfutbalovystadion.sk\/?s={search_term_string}"},"query-input":{"@type":"PropertyValueSpecification","valueRequired":true,"valueName":"search_term_string"}}],"inLanguage":"en-US"},{"@type":"Organization","@id":"https:\/\/www.narodnyfutbalovystadion.sk\/#organization","name":"N\u00e1rodn\u00fd futbalov\u00fd \u0161tadi\u00f3n","url":"https:\/\/www.narodnyfutbalovystadion.sk\/","logo":{"@type":"ImageObject","inLanguage":"en-US","@id":"https:\/\/www.narodnyfutbalovystadion.sk\/#\/schema\/logo\/image\/","url":"https:\/\/www.narodnyfutbalovystadion.sk\/wp-content\/uploads\/2025\/04\/nfs.svg","contentUrl":"https:\/\/www.narodnyfutbalovystadion.sk\/wp-content\/uploads\/2025\/04\/nfs.svg","width":1,"height":1,"caption":"N\u00e1rodn\u00fd futbalov\u00fd \u0161tadi\u00f3n"},"image":{"@id":"https:\/\/www.narodnyfutbalovystadion.sk\/#\/schema\/logo\/image\/"}}]}},"_links":{"self":[{"href":"https:\/\/www.narodnyfutbalovystadion.sk\/en\/wp-json\/wp\/v2\/pages\/939","targetHints":{"allow":["GET"]}}],"collection":[{"href":"https:\/\/www.narodnyfutbalovystadion.sk\/en\/wp-json\/wp\/v2\/pages"}],"about":[{"href":"https:\/\/www.narodnyfutbalovystadion.sk\/en\/wp-json\/wp\/v2\/types\/page"}],"author":[{"embeddable":true,"href":"https:\/\/www.narodnyfutbalovystadion.sk\/en\/wp-json\/wp\/v2\/users\/1"}],"replies":[{"embeddable":true,"href":"https:\/\/www.narodnyfutbalovystadion.sk\/en\/wp-json\/wp\/v2\/comments?post=939"}],"version-history":[{"count":2,"href":"https:\/\/www.narodnyfutbalovystadion.sk\/en\/wp-json\/wp\/v2\/pages\/939\/revisions"}],"predecessor-version":[{"id":1020,"href":"https:\/\/www.narodnyfutbalovystadion.sk\/en\/wp-json\/wp\/v2\/pages\/939\/revisions\/1020"}],"wp:attachment":[{"href":"https:\/\/www.narodnyfutbalovystadion.sk\/en\/wp-json\/wp\/v2\/media?parent=939"}],"curies":[{"name":"wp","href":"https:\/\/api.w.org\/{rel}","templated":true}]}}