{"id":937,"date":"2025-04-16T21:19:29","date_gmt":"2025-04-16T19:19:29","guid":{"rendered":"https:\/\/www.narodnyfutbalovystadion.sk\/be-prepared\/"},"modified":"2025-06-02T06:58:47","modified_gmt":"2025-06-02T04:58:47","slug":"be-prepared","status":"publish","type":"page","link":"https:\/\/www.narodnyfutbalovystadion.sk\/en\/be-prepared\/","title":{"rendered":"Be prepared"},"content":{"rendered":"\n<div class=\"wp-block-group dresscode\"><div class=\"wp-block-group__inner-container is-layout-constrained wp-block-group-is-layout-constrained\"><div class=\"wp-block-image\">\n<figure class=\"aligncenter size-full is-resized\"><img decoding=\"async\" width=\"872\" height=\"1453\" src=\"http:\/\/localhost:8000\/wp-content\/uploads\/2025\/04\/tabula.jpg\" alt=\"\" class=\"wp-image-170\" style=\"width:872px\" srcset=\"https:\/\/enzyqq7jbry.exactdn.com\/wp-content\/uploads\/2025\/04\/tabula.jpg?strip=all&amp;lossy=1&amp;ssl=1 872w, https:\/\/enzyqq7jbry.exactdn.com\/wp-content\/uploads\/2025\/04\/tabula-180x300.jpg?strip=all&amp;lossy=1&amp;ssl=1 180w, https:\/\/enzyqq7jbry.exactdn.com\/wp-content\/uploads\/2025\/04\/tabula-615x1024.jpg?strip=all&amp;lossy=1&amp;ssl=1 615w, https:\/\/enzyqq7jbry.exactdn.com\/wp-content\/uploads\/2025\/04\/tabula-768x1280.jpg?strip=all&amp;lossy=1&amp;ssl=1 768w, https:\/\/enzyqq7jbry.exactdn.com\/wp-content\/uploads\/2025\/04\/tabula.jpg?strip=all&amp;lossy=1&amp;w=348&amp;ssl=1 348w, https:\/\/enzyqq7jbry.exactdn.com\/wp-content\/uploads\/2025\/04\/tabula.jpg?strip=all&amp;lossy=1&amp;w=523&amp;ssl=1 523w, https:\/\/enzyqq7jbry.exactdn.com\/wp-content\/uploads\/2025\/04\/tabula.jpg?strip=all&amp;lossy=1&amp;w=697&amp;ssl=1 697w\" sizes=\"(max-width: 872px) 100vw, 872px\" \/><\/figure>\n<\/div>\n\n\n<div class=\"wp-block-group\"><div class=\"wp-block-group__inner-container is-layout-constrained wp-block-group-is-layout-constrained\">\n<div style=\"height:72px\" aria-hidden=\"true\" class=\"wp-block-spacer\"><\/div>\n\n\n\n<p class=\"btn\"><a data-lightbox=\"https:\/\/enzyqq7jbry.exactdn.com\/wp-content\/uploads\/2025\/05\/dress-code-VIP.jpg?strip=all&lossy=1&w=2560&ssl=1\" href=\"https:\/\/enzyqq7jbry.exactdn.com\/wp-content\/uploads\/2025\/05\/dress-code-VIP.jpg?strip=all&lossy=1&w=2560&ssl=1\" rel=\"noreferrer noopener\"><strong>VIP Dress code<br\/><\/strong><em>*valid for football matches<\/em><\/a><\/p>\n<\/div><\/div>\n<\/div><\/div>\n\n<p><\/p>\n\n<div style=\"height:72px\" aria-hidden=\"true\" class=\"wp-block-spacer\"><\/div>\n\n<p><\/p>\n","protected":false},"excerpt":{"rendered":"<p>VIP Dress code*valid for football matches<\/p>\n","protected":false},"author":1,"featured_media":0,"parent":0,"menu_order":0,"comment_status":"closed","ping_status":"closed","template":"","meta":{"_acf_changed":false,"footnotes":""},"class_list":["post-937","page","type-page","status-publish","hentry"],"acf":[],"yoast_head":"<!-- This site is optimized with the Yoast SEO plugin v26.2 - https:\/\/yoast.com\/wordpress\/plugins\/seo\/ -->\n<title>Be prepared - N\u00e1rodn\u00fd futbalov\u00fd \u0161tadi\u00f3n<\/title>\n<meta name=\"robots\" content=\"index, follow, max-snippet:-1, max-image-preview:large, max-video-preview:-1\" \/>\n<link rel=\"canonical\" href=\"https:\/\/www.narodnyfutbalovystadion.sk\/en\/be-prepared\/\" \/>\n<meta property=\"og:locale\" content=\"en_US\" \/>\n<meta property=\"og:type\" content=\"article\" \/>\n<meta property=\"og:title\" content=\"Be prepared - N\u00e1rodn\u00fd futbalov\u00fd \u0161tadi\u00f3n\" \/>\n<meta property=\"og:description\" content=\"VIP Dress code*valid for football matches\" \/>\n<meta property=\"og:url\" content=\"https:\/\/www.narodnyfutbalovystadion.sk\/en\/be-prepared\/\" \/>\n<meta property=\"og:site_name\" content=\"N\u00e1rodn\u00fd futbalov\u00fd \u0161tadi\u00f3n\" \/>\n<meta property=\"article:modified_time\" content=\"2025-06-02T04:58:47+00:00\" \/>\n<meta property=\"og:image\" content=\"http:\/\/localhost:8000\/wp-content\/uploads\/2025\/04\/tabula.jpg\" \/>\n<meta name=\"twitter:card\" content=\"summary_large_image\" \/>\n<script type=\"application\/ld+json\" class=\"yoast-schema-graph\">{\"@context\":\"https:\/\/schema.org\",\"@graph\":[{\"@type\":\"WebPage\",\"@id\":\"https:\/\/www.narodnyfutbalovystadion.sk\/en\/be-prepared\/\",\"url\":\"https:\/\/www.narodnyfutbalovystadion.sk\/en\/be-prepared\/\",\"name\":\"Be prepared - N\u00e1rodn\u00fd futbalov\u00fd \u0161tadi\u00f3n\",\"isPartOf\":{\"@id\":\"https:\/\/www.narodnyfutbalovystadion.sk\/#website\"},\"primaryImageOfPage\":{\"@id\":\"https:\/\/www.narodnyfutbalovystadion.sk\/en\/be-prepared\/#primaryimage\"},\"image\":{\"@id\":\"https:\/\/www.narodnyfutbalovystadion.sk\/en\/be-prepared\/#primaryimage\"},\"thumbnailUrl\":\"http:\/\/localhost:8000\/wp-content\/uploads\/2025\/04\/tabula.jpg\",\"datePublished\":\"2025-04-16T19:19:29+00:00\",\"dateModified\":\"2025-06-02T04:58:47+00:00\",\"breadcrumb\":{\"@id\":\"https:\/\/www.narodnyfutbalovystadion.sk\/en\/be-prepared\/#breadcrumb\"},\"inLanguage\":\"en-US\",\"potentialAction\":[{\"@type\":\"ReadAction\",\"target\":[\"https:\/\/www.narodnyfutbalovystadion.sk\/en\/be-prepared\/\"]}]},{\"@type\":\"ImageObject\",\"inLanguage\":\"en-US\",\"@id\":\"https:\/\/www.narodnyfutbalovystadion.sk\/en\/be-prepared\/#primaryimage\",\"url\":\"http:\/\/localhost:8000\/wp-content\/uploads\/2025\/04\/tabula.jpg\",\"contentUrl\":\"http:\/\/localhost:8000\/wp-content\/uploads\/2025\/04\/tabula.jpg\"},{\"@type\":\"BreadcrumbList\",\"@id\":\"https:\/\/www.narodnyfutbalovystadion.sk\/en\/be-prepared\/#breadcrumb\",\"itemListElement\":[{\"@type\":\"ListItem\",\"position\":1,\"name\":\"Domovsk\u00e1 str\u00e1nka\",\"item\":\"https:\/\/www.narodnyfutbalovystadion.sk\/en\/\"},{\"@type\":\"ListItem\",\"position\":2,\"name\":\"Be prepared\"}]},{\"@type\":\"WebSite\",\"@id\":\"https:\/\/www.narodnyfutbalovystadion.sk\/#website\",\"url\":\"https:\/\/www.narodnyfutbalovystadion.sk\/\",\"name\":\"N\u00e1rodn\u00fd futbalov\u00fd \u0161tadi\u00f3n\",\"description\":\"\",\"publisher\":{\"@id\":\"https:\/\/www.narodnyfutbalovystadion.sk\/#organization\"},\"potentialAction\":[{\"@type\":\"SearchAction\",\"target\":{\"@type\":\"EntryPoint\",\"urlTemplate\":\"https:\/\/www.narodnyfutbalovystadion.sk\/?s={search_term_string}\"},\"query-input\":{\"@type\":\"PropertyValueSpecification\",\"valueRequired\":true,\"valueName\":\"search_term_string\"}}],\"inLanguage\":\"en-US\"},{\"@type\":\"Organization\",\"@id\":\"https:\/\/www.narodnyfutbalovystadion.sk\/#organization\",\"name\":\"N\u00e1rodn\u00fd futbalov\u00fd \u0161tadi\u00f3n\",\"url\":\"https:\/\/www.narodnyfutbalovystadion.sk\/\",\"logo\":{\"@type\":\"ImageObject\",\"inLanguage\":\"en-US\",\"@id\":\"https:\/\/www.narodnyfutbalovystadion.sk\/#\/schema\/logo\/image\/\",\"url\":\"https:\/\/www.narodnyfutbalovystadion.sk\/wp-content\/uploads\/2025\/04\/nfs.svg\",\"contentUrl\":\"https:\/\/www.narodnyfutbalovystadion.sk\/wp-content\/uploads\/2025\/04\/nfs.svg\",\"width\":1,\"height\":1,\"caption\":\"N\u00e1rodn\u00fd futbalov\u00fd \u0161tadi\u00f3n\"},\"image\":{\"@id\":\"https:\/\/www.narodnyfutbalovystadion.sk\/#\/schema\/logo\/image\/\"}}]}<\/script>\n<!-- \/ Yoast SEO plugin. -->","yoast_head_json":{"title":"Be prepared - N\u00e1rodn\u00fd futbalov\u00fd \u0161tadi\u00f3n","robots":{"index":"index","follow":"follow","max-snippet":"max-snippet:-1","max-image-preview":"max-image-preview:large","max-video-preview":"max-video-preview:-1"},"canonical":"https:\/\/www.narodnyfutbalovystadion.sk\/en\/be-prepared\/","og_locale":"en_US","og_type":"article","og_title":"Be prepared - N\u00e1rodn\u00fd futbalov\u00fd \u0161tadi\u00f3n","og_description":"VIP Dress code*valid for football matches","og_url":"https:\/\/www.narodnyfutbalovystadion.sk\/en\/be-prepared\/","og_site_name":"N\u00e1rodn\u00fd futbalov\u00fd \u0161tadi\u00f3n","article_modified_time":"2025-06-02T04:58:47+00:00","og_image":[{"url":"http:\/\/localhost:8000\/wp-content\/uploads\/2025\/04\/tabula.jpg","type":"","width":"","height":""}],"twitter_card":"summary_large_image","schema":{"@context":"https:\/\/schema.org","@graph":[{"@type":"WebPage","@id":"https:\/\/www.narodnyfutbalovystadion.sk\/en\/be-prepared\/","url":"https:\/\/www.narodnyfutbalovystadion.sk\/en\/be-prepared\/","name":"Be prepared - N\u00e1rodn\u00fd futbalov\u00fd \u0161tadi\u00f3n","isPartOf":{"@id":"https:\/\/www.narodnyfutbalovystadion.sk\/#website"},"primaryImageOfPage":{"@id":"https:\/\/www.narodnyfutbalovystadion.sk\/en\/be-prepared\/#primaryimage"},"image":{"@id":"https:\/\/www.narodnyfutbalovystadion.sk\/en\/be-prepared\/#primaryimage"},"thumbnailUrl":"http:\/\/localhost:8000\/wp-content\/uploads\/2025\/04\/tabula.jpg","datePublished":"2025-04-16T19:19:29+00:00","dateModified":"2025-06-02T04:58:47+00:00","breadcrumb":{"@id":"https:\/\/www.narodnyfutbalovystadion.sk\/en\/be-prepared\/#breadcrumb"},"inLanguage":"en-US","potentialAction":[{"@type":"ReadAction","target":["https:\/\/www.narodnyfutbalovystadion.sk\/en\/be-prepared\/"]}]},{"@type":"ImageObject","inLanguage":"en-US","@id":"https:\/\/www.narodnyfutbalovystadion.sk\/en\/be-prepared\/#primaryimage","url":"http:\/\/localhost:8000\/wp-content\/uploads\/2025\/04\/tabula.jpg","contentUrl":"http:\/\/localhost:8000\/wp-content\/uploads\/2025\/04\/tabula.jpg"},{"@type":"BreadcrumbList","@id":"https:\/\/www.narodnyfutbalovystadion.sk\/en\/be-prepared\/#breadcrumb","itemListElement":[{"@type":"ListItem","position":1,"name":"Domovsk\u00e1 str\u00e1nka","item":"https:\/\/www.narodnyfutbalovystadion.sk\/en\/"},{"@type":"ListItem","position":2,"name":"Be prepared"}]},{"@type":"WebSite","@id":"https:\/\/www.narodnyfutbalovystadion.sk\/#website","url":"https:\/\/www.narodnyfutbalovystadion.sk\/","name":"N\u00e1rodn\u00fd futbalov\u00fd \u0161tadi\u00f3n","description":"","publisher":{"@id":"https:\/\/www.narodnyfutbalovystadion.sk\/#organization"},"potentialAction":[{"@type":"SearchAction","target":{"@type":"EntryPoint","urlTemplate":"https:\/\/www.narodnyfutbalovystadion.sk\/?s={search_term_string}"},"query-input":{"@type":"PropertyValueSpecification","valueRequired":true,"valueName":"search_term_string"}}],"inLanguage":"en-US"},{"@type":"Organization","@id":"https:\/\/www.narodnyfutbalovystadion.sk\/#organization","name":"N\u00e1rodn\u00fd futbalov\u00fd \u0161tadi\u00f3n","url":"https:\/\/www.narodnyfutbalovystadion.sk\/","logo":{"@type":"ImageObject","inLanguage":"en-US","@id":"https:\/\/www.narodnyfutbalovystadion.sk\/#\/schema\/logo\/image\/","url":"https:\/\/www.narodnyfutbalovystadion.sk\/wp-content\/uploads\/2025\/04\/nfs.svg","contentUrl":"https:\/\/www.narodnyfutbalovystadion.sk\/wp-content\/uploads\/2025\/04\/nfs.svg","width":1,"height":1,"caption":"N\u00e1rodn\u00fd futbalov\u00fd \u0161tadi\u00f3n"},"image":{"@id":"https:\/\/www.narodnyfutbalovystadion.sk\/#\/schema\/logo\/image\/"}}]}},"_links":{"self":[{"href":"https:\/\/www.narodnyfutbalovystadion.sk\/en\/wp-json\/wp\/v2\/pages\/937","targetHints":{"allow":["GET"]}}],"collection":[{"href":"https:\/\/www.narodnyfutbalovystadion.sk\/en\/wp-json\/wp\/v2\/pages"}],"about":[{"href":"https:\/\/www.narodnyfutbalovystadion.sk\/en\/wp-json\/wp\/v2\/types\/page"}],"author":[{"embeddable":true,"href":"https:\/\/www.narodnyfutbalovystadion.sk\/en\/wp-json\/wp\/v2\/users\/1"}],"replies":[{"embeddable":true,"href":"https:\/\/www.narodnyfutbalovystadion.sk\/en\/wp-json\/wp\/v2\/comments?post=937"}],"version-history":[{"count":2,"href":"https:\/\/www.narodnyfutbalovystadion.sk\/en\/wp-json\/wp\/v2\/pages\/937\/revisions"}],"predecessor-version":[{"id":1013,"href":"https:\/\/www.narodnyfutbalovystadion.sk\/en\/wp-json\/wp\/v2\/pages\/937\/revisions\/1013"}],"wp:attachment":[{"href":"https:\/\/www.narodnyfutbalovystadion.sk\/en\/wp-json\/wp\/v2\/media?parent=937"}],"curies":[{"name":"wp","href":"https:\/\/api.w.org\/{rel}","templated":true}]}}