{"id":1048,"date":"2025-06-02T09:22:45","date_gmt":"2025-06-02T07:22:45","guid":{"rendered":"https:\/\/www.narodnyfutbalovystadion.sk\/tender\/"},"modified":"2025-06-02T09:25:33","modified_gmt":"2025-06-02T07:25:33","slug":"tender","status":"publish","type":"page","link":"https:\/\/www.narodnyfutbalovystadion.sk\/en\/tender\/","title":{"rendered":"Tender"},"content":{"rendered":"\n<p>NF\u0160, a. s., with its seat at Sasinkova 5, 811 08 Bratislava, ID No. 50 110 055, registered in the Commercial Register administered by the Bratislava I District Court, Section: Sa, File No. 6301\/B<br\/>(the \u201cCompany\u201d), hereby announces that on 18 April 2019, it launched a public tender within the meaning of Sec. 281 et seq. of the Slovak Commercial Code (Act No. 513\/1991, as amended) so as to<br\/>solicit the most favorable offer to enter into a lease agreement for the National Football Stadium located in Bratislava, Slovak Republic (the \u201cTender\u201d).<br\/>Spolo\u010dnos\u0165 NF\u0160, a. s., so s\u00eddlom Sasinkova 5, 811 08 Bratislava, I\u010cO: 50 110 055, zap\u00edsan\u00e1 v obchodnom registri Okresn\u00e9ho s\u00fadu Bratislava I, oddiel Sa, vlo\u017eka \u010d\u00edslo 6301\/B, t\u00fdmto oznamuje, \u017ee d\u0148a 18. apr\u00edla 2019 vyhl\u00e1sila obchodn\u00fa verejn\u00fa s\u00fa\u0165a\u017e v zmysle ust. \u00a7 281 a nasl. z\u00e1kona \u010d. 513\/1991 Zb., Obchodn\u00fd z\u00e1konn\u00edk, v znen\u00ed neskor\u0161\u00edch predpisov, o najvhodnej\u0161\u00ed n\u00e1vrh na uzavretie zmluvy na n\u00e1jom N\u00e1rodn\u00e9ho futbalov\u00e9ho \u0161tadi\u00f3na (\u010falej len \u201eS\u00fa\u0165a\u017e\u201c).<\/p>\n\n<p>S\u00fa\u0165a\u017en\u00e9 podklady si uch\u00e1dza\u010di m\u00f4\u017eu vyzdvihn\u00fa\u0165 v s\u00eddle vyhlasovate\u013ea v ka\u017ed\u00fd pracovn\u00fd de\u0148 odo d\u0148a vyhl\u00e1senia S\u00fa\u0165a\u017ee do 13. m\u00e1ja 2019 od 9.00 hod. do 15.00 hod.  <\/p>\n\n<p>For more information regarding the Tender, please contact us during business hours via phone at the following numbers: +421-2-50227239 or +421-2-50227200, or via e-mail at this address:Bli\u017e\u0161ie inform\u00e1cie o S\u00fa\u0165a\u017ei z\u00edskate v pracovn\u00fdch hodin\u00e1ch na tel. \u010d\u00edsle 02\/50227239 alebo 02\/50227200 a na e-mailovej adrese: <a href=\"mailto:info@narodnyfutbalovystadion.sk\">info@narodnyfutbalovystadion.sk<\/a>. <\/p>\n\n<p>Bids (requests for participation in the Tender) must be submitted by 16 May 2019, 10:00 a.m., at the latest. <\/p>\n","protected":false},"excerpt":{"rendered":"<p>NF\u0160, a. s., with its seat at Sasinkova 5, 811 08 Bratislava, ID No. 50 110 055, registered in the&#8230;<\/p>\n","protected":false},"author":1,"featured_media":0,"parent":0,"menu_order":0,"comment_status":"closed","ping_status":"closed","template":"","meta":{"_acf_changed":false,"footnotes":""},"class_list":["post-1048","page","type-page","status-publish","hentry"],"acf":[],"yoast_head":"<!-- This site is optimized with the Yoast SEO plugin v26.2 - https:\/\/yoast.com\/wordpress\/plugins\/seo\/ -->\n<title>Tender - N\u00e1rodn\u00fd futbalov\u00fd \u0161tadi\u00f3n<\/title>\n<meta name=\"robots\" content=\"index, follow, max-snippet:-1, max-image-preview:large, max-video-preview:-1\" \/>\n<link rel=\"canonical\" href=\"https:\/\/www.narodnyfutbalovystadion.sk\/sutaz-najom-stadiona\/\" \/>\n<meta property=\"og:locale\" content=\"en_US\" \/>\n<meta property=\"og:type\" content=\"article\" \/>\n<meta property=\"og:title\" content=\"Tender - N\u00e1rodn\u00fd futbalov\u00fd \u0161tadi\u00f3n\" \/>\n<meta property=\"og:description\" content=\"NF\u0160, a. s., with its seat at Sasinkova 5, 811 08 Bratislava, ID No. 50 110 055, registered in the...\" \/>\n<meta property=\"og:url\" content=\"https:\/\/www.narodnyfutbalovystadion.sk\/sutaz-najom-stadiona\/\" \/>\n<meta property=\"og:site_name\" content=\"N\u00e1rodn\u00fd futbalov\u00fd \u0161tadi\u00f3n\" \/>\n<meta property=\"article:modified_time\" content=\"2025-06-02T07:25:33+00:00\" \/>\n<meta name=\"twitter:card\" content=\"summary_large_image\" \/>\n<meta name=\"twitter:label1\" content=\"Est. reading time\" \/>\n\t<meta name=\"twitter:data1\" content=\"1 minute\" \/>\n<script type=\"application\/ld+json\" class=\"yoast-schema-graph\">{\"@context\":\"https:\/\/schema.org\",\"@graph\":[{\"@type\":\"WebPage\",\"@id\":\"https:\/\/www.narodnyfutbalovystadion.sk\/sutaz-najom-stadiona\/\",\"url\":\"https:\/\/www.narodnyfutbalovystadion.sk\/sutaz-najom-stadiona\/\",\"name\":\"Tender - N\u00e1rodn\u00fd futbalov\u00fd \u0161tadi\u00f3n\",\"isPartOf\":{\"@id\":\"https:\/\/www.narodnyfutbalovystadion.sk\/#website\"},\"datePublished\":\"2025-06-02T07:22:45+00:00\",\"dateModified\":\"2025-06-02T07:25:33+00:00\",\"breadcrumb\":{\"@id\":\"https:\/\/www.narodnyfutbalovystadion.sk\/sutaz-najom-stadiona\/#breadcrumb\"},\"inLanguage\":\"en-US\",\"potentialAction\":[{\"@type\":\"ReadAction\",\"target\":[\"https:\/\/www.narodnyfutbalovystadion.sk\/sutaz-najom-stadiona\/\"]}]},{\"@type\":\"BreadcrumbList\",\"@id\":\"https:\/\/www.narodnyfutbalovystadion.sk\/sutaz-najom-stadiona\/#breadcrumb\",\"itemListElement\":[{\"@type\":\"ListItem\",\"position\":1,\"name\":\"Domovsk\u00e1 str\u00e1nka\",\"item\":\"https:\/\/www.narodnyfutbalovystadion.sk\/en\/\"},{\"@type\":\"ListItem\",\"position\":2,\"name\":\"Tender\"}]},{\"@type\":\"WebSite\",\"@id\":\"https:\/\/www.narodnyfutbalovystadion.sk\/#website\",\"url\":\"https:\/\/www.narodnyfutbalovystadion.sk\/\",\"name\":\"N\u00e1rodn\u00fd futbalov\u00fd \u0161tadi\u00f3n\",\"description\":\"\",\"publisher\":{\"@id\":\"https:\/\/www.narodnyfutbalovystadion.sk\/#organization\"},\"potentialAction\":[{\"@type\":\"SearchAction\",\"target\":{\"@type\":\"EntryPoint\",\"urlTemplate\":\"https:\/\/www.narodnyfutbalovystadion.sk\/?s={search_term_string}\"},\"query-input\":{\"@type\":\"PropertyValueSpecification\",\"valueRequired\":true,\"valueName\":\"search_term_string\"}}],\"inLanguage\":\"en-US\"},{\"@type\":\"Organization\",\"@id\":\"https:\/\/www.narodnyfutbalovystadion.sk\/#organization\",\"name\":\"N\u00e1rodn\u00fd futbalov\u00fd \u0161tadi\u00f3n\",\"url\":\"https:\/\/www.narodnyfutbalovystadion.sk\/\",\"logo\":{\"@type\":\"ImageObject\",\"inLanguage\":\"en-US\",\"@id\":\"https:\/\/www.narodnyfutbalovystadion.sk\/#\/schema\/logo\/image\/\",\"url\":\"https:\/\/www.narodnyfutbalovystadion.sk\/wp-content\/uploads\/2025\/04\/nfs.svg\",\"contentUrl\":\"https:\/\/www.narodnyfutbalovystadion.sk\/wp-content\/uploads\/2025\/04\/nfs.svg\",\"width\":1,\"height\":1,\"caption\":\"N\u00e1rodn\u00fd futbalov\u00fd \u0161tadi\u00f3n\"},\"image\":{\"@id\":\"https:\/\/www.narodnyfutbalovystadion.sk\/#\/schema\/logo\/image\/\"}}]}<\/script>\n<!-- \/ Yoast SEO plugin. -->","yoast_head_json":{"title":"Tender - N\u00e1rodn\u00fd futbalov\u00fd \u0161tadi\u00f3n","robots":{"index":"index","follow":"follow","max-snippet":"max-snippet:-1","max-image-preview":"max-image-preview:large","max-video-preview":"max-video-preview:-1"},"canonical":"https:\/\/www.narodnyfutbalovystadion.sk\/sutaz-najom-stadiona\/","og_locale":"en_US","og_type":"article","og_title":"Tender - N\u00e1rodn\u00fd futbalov\u00fd \u0161tadi\u00f3n","og_description":"NF\u0160, a. s., with its seat at Sasinkova 5, 811 08 Bratislava, ID No. 50 110 055, registered in the...","og_url":"https:\/\/www.narodnyfutbalovystadion.sk\/sutaz-najom-stadiona\/","og_site_name":"N\u00e1rodn\u00fd futbalov\u00fd \u0161tadi\u00f3n","article_modified_time":"2025-06-02T07:25:33+00:00","twitter_card":"summary_large_image","twitter_misc":{"Est. reading time":"1 minute"},"schema":{"@context":"https:\/\/schema.org","@graph":[{"@type":"WebPage","@id":"https:\/\/www.narodnyfutbalovystadion.sk\/sutaz-najom-stadiona\/","url":"https:\/\/www.narodnyfutbalovystadion.sk\/sutaz-najom-stadiona\/","name":"Tender - N\u00e1rodn\u00fd futbalov\u00fd \u0161tadi\u00f3n","isPartOf":{"@id":"https:\/\/www.narodnyfutbalovystadion.sk\/#website"},"datePublished":"2025-06-02T07:22:45+00:00","dateModified":"2025-06-02T07:25:33+00:00","breadcrumb":{"@id":"https:\/\/www.narodnyfutbalovystadion.sk\/sutaz-najom-stadiona\/#breadcrumb"},"inLanguage":"en-US","potentialAction":[{"@type":"ReadAction","target":["https:\/\/www.narodnyfutbalovystadion.sk\/sutaz-najom-stadiona\/"]}]},{"@type":"BreadcrumbList","@id":"https:\/\/www.narodnyfutbalovystadion.sk\/sutaz-najom-stadiona\/#breadcrumb","itemListElement":[{"@type":"ListItem","position":1,"name":"Domovsk\u00e1 str\u00e1nka","item":"https:\/\/www.narodnyfutbalovystadion.sk\/en\/"},{"@type":"ListItem","position":2,"name":"Tender"}]},{"@type":"WebSite","@id":"https:\/\/www.narodnyfutbalovystadion.sk\/#website","url":"https:\/\/www.narodnyfutbalovystadion.sk\/","name":"N\u00e1rodn\u00fd futbalov\u00fd \u0161tadi\u00f3n","description":"","publisher":{"@id":"https:\/\/www.narodnyfutbalovystadion.sk\/#organization"},"potentialAction":[{"@type":"SearchAction","target":{"@type":"EntryPoint","urlTemplate":"https:\/\/www.narodnyfutbalovystadion.sk\/?s={search_term_string}"},"query-input":{"@type":"PropertyValueSpecification","valueRequired":true,"valueName":"search_term_string"}}],"inLanguage":"en-US"},{"@type":"Organization","@id":"https:\/\/www.narodnyfutbalovystadion.sk\/#organization","name":"N\u00e1rodn\u00fd futbalov\u00fd \u0161tadi\u00f3n","url":"https:\/\/www.narodnyfutbalovystadion.sk\/","logo":{"@type":"ImageObject","inLanguage":"en-US","@id":"https:\/\/www.narodnyfutbalovystadion.sk\/#\/schema\/logo\/image\/","url":"https:\/\/www.narodnyfutbalovystadion.sk\/wp-content\/uploads\/2025\/04\/nfs.svg","contentUrl":"https:\/\/www.narodnyfutbalovystadion.sk\/wp-content\/uploads\/2025\/04\/nfs.svg","width":1,"height":1,"caption":"N\u00e1rodn\u00fd futbalov\u00fd \u0161tadi\u00f3n"},"image":{"@id":"https:\/\/www.narodnyfutbalovystadion.sk\/#\/schema\/logo\/image\/"}}]}},"_links":{"self":[{"href":"https:\/\/www.narodnyfutbalovystadion.sk\/en\/wp-json\/wp\/v2\/pages\/1048","targetHints":{"allow":["GET"]}}],"collection":[{"href":"https:\/\/www.narodnyfutbalovystadion.sk\/en\/wp-json\/wp\/v2\/pages"}],"about":[{"href":"https:\/\/www.narodnyfutbalovystadion.sk\/en\/wp-json\/wp\/v2\/types\/page"}],"author":[{"embeddable":true,"href":"https:\/\/www.narodnyfutbalovystadion.sk\/en\/wp-json\/wp\/v2\/users\/1"}],"replies":[{"embeddable":true,"href":"https:\/\/www.narodnyfutbalovystadion.sk\/en\/wp-json\/wp\/v2\/comments?post=1048"}],"version-history":[{"count":2,"href":"https:\/\/www.narodnyfutbalovystadion.sk\/en\/wp-json\/wp\/v2\/pages\/1048\/revisions"}],"predecessor-version":[{"id":1052,"href":"https:\/\/www.narodnyfutbalovystadion.sk\/en\/wp-json\/wp\/v2\/pages\/1048\/revisions\/1052"}],"wp:attachment":[{"href":"https:\/\/www.narodnyfutbalovystadion.sk\/en\/wp-json\/wp\/v2\/media?parent=1048"}],"curies":[{"name":"wp","href":"https:\/\/api.w.org\/{rel}","templated":true}]}}